{"id":1817,"date":"2024-10-25T16:24:26","date_gmt":"2024-10-25T16:24:26","guid":{"rendered":"https:\/\/imea.com.vn\/services\/"},"modified":"2024-11-19T14:42:36","modified_gmt":"2024-11-19T07:42:36","slug":"services","status":"publish","type":"page","link":"https:\/\/imea.com.vn\/vi\/services\/","title":{"rendered":"D\u1ecbch v\u1ee5"},"content":{"rendered":"<div data-elementor-type=\"wp-page\" data-elementor-id=\"1817\" class=\"elementor elementor-1817\" data-elementor-post-type=\"page\">\n\t\t\t\t<div class=\"elementor-element elementor-element-a715364 e-flex e-con-boxed e-con e-parent\" data-id=\"a715364\" data-element_type=\"container\" data-settings=\"{&quot;background_background&quot;:&quot;classic&quot;}\">\n\t\t\t\t\t<div class=\"e-con-inner\">\n\t\t<div class=\"elementor-element elementor-element-78458f0 e-con-full e-flex e-con e-child\" data-id=\"78458f0\" data-element_type=\"container\">\n\t\t\t\t<div class=\"elementor-element elementor-element-d9869e0 elementor-widget elementor-widget-heading\" data-id=\"d9869e0\" data-element_type=\"widget\" data-widget_type=\"heading.default\">\n\t\t\t\t<div class=\"elementor-widget-container\">\n\t\t\t<h1 class=\"elementor-heading-title elementor-size-default\">D\u1ecbch v\u1ee5<\/h1>\t\t<\/div>\n\t\t\t\t<\/div>\n\t\t\t\t<\/div>\n\t\t\t\t\t<\/div>\n\t\t\t\t<\/div>\n\t\t<div class=\"elementor-element elementor-element-e124143 e-flex e-con-boxed e-con e-parent\" data-id=\"e124143\" data-element_type=\"container\" data-settings=\"{&quot;background_background&quot;:&quot;classic&quot;}\">\n\t\t\t\t\t<div class=\"e-con-inner\">\n\t\t<div class=\"elementor-element elementor-element-14e755a e-con-full e-flex e-con e-child\" data-id=\"14e755a\" data-element_type=\"container\">\n\t\t<div class=\"elementor-element elementor-element-c18ba46 e-con-full e-flex e-con e-child\" data-id=\"c18ba46\" data-element_type=\"container\">\n\t\t<div class=\"elementor-element elementor-element-fa03bc5 e-con-full e-flex e-con e-child\" data-id=\"fa03bc5\" data-element_type=\"container\">\n\t\t\t\t<div class=\"elementor-element elementor-element-83bf797 elementor-widget elementor-widget-heading\" data-id=\"83bf797\" data-element_type=\"widget\" data-widget_type=\"heading.default\">\n\t\t\t\t<div class=\"elementor-widget-container\">\n\t\t\t<h3 class=\"elementor-heading-title elementor-size-default\">Ch\u00fang t\u00f4i cung c\u1ea5p c\u00e1c gi\u1ea3i ph\u00e1p MEP t\u1ed1i \u01b0u, \u0111\u1ea3m b\u1ea3o hi\u1ec7u qu\u1ea3 cao v\u00e0 t\u00edch h\u1ee3p li\u1ec1n m\u1ea1ch cho t\u1ea5t c\u1ea3 c\u00e1c d\u1ef1 \u00e1n.<\/h3>\t\t<\/div>\n\t\t\t\t<\/div>\n\t\t\t\t<div class=\"elementor-element elementor-element-d75c795 elementor-widget elementor-widget-heading\" data-id=\"d75c795\" data-element_type=\"widget\" data-widget_type=\"heading.default\">\n\t\t\t\t<div class=\"elementor-widget-container\">\n\t\t\t<h1 class=\"elementor-heading-title elementor-size-default\"><span style=\"font-weight: normal\">IMEA t\u1eadp trung v\u00e0o vi\u1ec7c t\u1ed1i \u01b0u h\u00f3a ho\u1ea1t \u0111\u1ed9ng v\u00e0 cung c\u1ea5p c\u00e1c gi\u1ea3i ph\u00e1p t\u1ed1i \u01b0u, n\u00e2ng cao hi\u1ec7u qu\u1ea3 v\u00e0 hi\u1ec7u qu\u1ea3 chi ph\u00ed cho kh\u00e1ch h\u00e0ng c\u1ee7a ch\u00fang t\u00f4i. Ch\u00fang t\u00f4i ph\u1ee5c v\u1ee5 s\u00e1u l\u0129nh v\u1ef1c ch\u00ednh: Cung c\u1ea5p s\u1ea3n ph\u1ea9m cho ng\u00e0nh MEP, T\u01b0 v\u1ea5n thi\u1ebft k\u1ebf cho ng\u00e0nh MEP, X\u00e2y d\u1ef1ng v\u00e0 l\u1eafp \u0111\u1eb7t t\u1ea5t c\u1ea3 c\u00e1c h\u1ec7 th\u1ed1ng nh\u00e0 m\u00e1y, S\u1eeda ch\u1eefa v\u00e0 kh\u1eafc ph\u1ee5c s\u1ef1 c\u1ed1 cho nh\u00e0 m\u00e1y, Cung c\u1ea5p d\u1ecbch v\u1ee5 \u01b0\u1edbc l\u01b0\u1ee3ng cho ng\u00e0nh MEP v\u00e0 H\u1ed7 tr\u1ee3 kh\u00e1ch h\u00e0ng 24\/7 cho ng\u00e0nh MEP, cung c\u1ea5p chuy\u00ean m\u00f4n \u0111\u1eb7c bi\u1ec7t ph\u00f9 h\u1ee3p v\u1edbi nhu c\u1ea7u c\u1ee7a t\u1eebng ng\u00e0nh.<\/span><\/h1>\t\t<\/div>\n\t\t\t\t<\/div>\n\t\t\t\t<\/div>\n\t\t\t\t<\/div>\n\t\t<div class=\"elementor-element elementor-element-d0d3030 e-con-full e-flex e-con e-child\" data-id=\"d0d3030\" data-element_type=\"container\">\n\t\t<div class=\"elementor-element elementor-element-d70259a e-con-full e-flex e-con e-child\" data-id=\"d70259a\" data-element_type=\"container\">\n\t\t\t\t<div class=\"elementor-element elementor-element-1653462 elementor-position-top elementor-widget elementor-widget-image-box\" data-id=\"1653462\" data-element_type=\"widget\" data-widget_type=\"image-box.default\">\n\t\t\t\t<div class=\"elementor-widget-container\">\n\t\t\t<div class=\"elementor-image-box-wrapper\"><figure class=\"elementor-image-box-img\"><a href=\"https:\/\/imea.com.vn\/vi\/products\/\" tabindex=\"-1\"><img fetchpriority=\"high\" decoding=\"async\" width=\"768\" height=\"486\" src=\"https:\/\/imea.com.vn\/wp-content\/uploads\/2024\/11\/Thiet-ke-chua-co-ten-3.png\" class=\"attachment-full size-full wp-image-4952\" alt=\"\" srcset=\"https:\/\/imea.com.vn\/wp-content\/uploads\/2024\/11\/Thiet-ke-chua-co-ten-3.png 768w, https:\/\/imea.com.vn\/wp-content\/uploads\/2024\/11\/Thiet-ke-chua-co-ten-3-300x190.png 300w\" sizes=\"(max-width: 768px) 100vw, 768px\" \/><\/a><\/figure><div class=\"elementor-image-box-content\"><h5 class=\"elementor-image-box-title\"><a href=\"https:\/\/imea.com.vn\/vi\/products\/\">Cung c\u1ea5p s\u1ea3n ph\u1ea9m cho ng\u00e0nh MEP<\/a><\/h5><p class=\"elementor-image-box-description\">Ch\u00fang t\u00f4i cung c\u1ea5p c\u00e1c s\u1ea3n ph\u1ea9m ch\u1ea5t l\u01b0\u1ee3ng cao cho ng\u00e0nh MEP, \u0111\u1ea3m b\u1ea3o \u0111\u1ed9 tin c\u1eady, \u0111\u1ed9 b\u1ec1n v\u01b0\u1ee3t tr\u1ed9i v\u00e0 tu\u00e2n th\u1ee7 c\u00e1c ti\u00eau chu\u1ea9n ng\u00e0nh \u0111\u1ec3 \u0111\u00e1p \u1ee9ng hi\u1ec7u qu\u1ea3 c\u00e1c nhu c\u1ea7u \u0111a d\u1ea1ng c\u1ee7a d\u1ef1 \u00e1n.<\/p><\/div><\/div>\t\t<\/div>\n\t\t\t\t<\/div>\n\t\t\t\t<div class=\"elementor-element elementor-element-7a4c237 elementor-align-left elementor-icon-list--layout-inline elementor-list-item-link-full_width elementor-widget elementor-widget-icon-list\" data-id=\"7a4c237\" data-element_type=\"widget\" data-widget_type=\"icon-list.default\">\n\t\t\t\t<div class=\"elementor-widget-container\">\n\t\t\t\t\t<ul class=\"elementor-icon-list-items elementor-inline-items\">\n\t\t\t\t\t\t\t<li class=\"elementor-icon-list-item elementor-inline-item\">\n\t\t\t\t\t\t\t\t\t\t\t<span class=\"elementor-icon-list-icon\">\n\t\t\t\t\t\t\t<svg aria-hidden=\"true\" class=\"e-font-icon-svg e-fas-long-arrow-alt-right\" viewbox=\"0 0 448 512\" xmlns=\"http:\/\/www.w3.org\/2000\/svg\"><path d=\"M313.941 216H12c-6.627 0-12 5.373-12 12v56c0 6.627 5.373 12 12 12h301.941v46.059c0 21.382 25.851 32.09 40.971 16.971l86.059-86.059c9.373-9.373 9.373-24.569 0-33.941l-86.059-86.059c-15.119-15.119-40.971-4.411-40.971 16.971V216z\"><\/path><\/svg>\t\t\t\t\t\t<\/span>\n\t\t\t\t\t\t\t\t\t\t<span class=\"elementor-icon-list-text\">Xem th\u00eam<\/span>\n\t\t\t\t\t\t\t\t\t<\/li>\n\t\t\t\t\t\t<\/ul>\n\t\t\t\t<\/div>\n\t\t\t\t<\/div>\n\t\t\t\t<\/div>\n\t\t<div class=\"elementor-element elementor-element-fef5852 e-con-full e-flex e-con e-child\" data-id=\"fef5852\" data-element_type=\"container\">\n\t\t\t\t<div class=\"elementor-element elementor-element-c6d6128 elementor-position-top elementor-widget elementor-widget-image-box\" data-id=\"c6d6128\" data-element_type=\"widget\" data-widget_type=\"image-box.default\">\n\t\t\t\t<div class=\"elementor-widget-container\">\n\t\t\t<div class=\"elementor-image-box-wrapper\"><figure class=\"elementor-image-box-img\"><a href=\"https:\/\/imea.com.vn\/vi\/contact-us\/\" tabindex=\"-1\"><img decoding=\"async\" width=\"768\" height=\"486\" src=\"https:\/\/imea.com.vn\/wp-content\/uploads\/2024\/11\/Thiet-ke-chua-co-ten-1.png\" class=\"attachment-full size-full wp-image-4948\" alt=\"\" srcset=\"https:\/\/imea.com.vn\/wp-content\/uploads\/2024\/11\/Thiet-ke-chua-co-ten-1.png 768w, https:\/\/imea.com.vn\/wp-content\/uploads\/2024\/11\/Thiet-ke-chua-co-ten-1-300x190.png 300w\" sizes=\"(max-width: 768px) 100vw, 768px\" \/><\/a><\/figure><div class=\"elementor-image-box-content\"><h5 class=\"elementor-image-box-title\"><a href=\"https:\/\/imea.com.vn\/vi\/contact-us\/\">Design consultancy for MEP industry<\/a><\/h5><p class=\"elementor-image-box-description\">Ch\u00fang t\u00f4i cung c\u1ea5p d\u1ecbch v\u1ee5 t\u01b0 v\u1ea5n thi\u1ebft k\u1ebf chuy\u00ean nghi\u1ec7p cho ng\u00e0nh MEP, cung c\u1ea5p c\u00e1c gi\u1ea3i ph\u00e1p s\u00e1ng t\u1ea1o v\u00e0 hi\u1ec7u qu\u1ea3 \u0111\u01b0\u1ee3c thi\u1ebft k\u1ebf \u0111\u1ec3 \u0111\u00e1p \u1ee9ng c\u00e1c y\u00eau c\u1ea7u c\u1ee7a d\u1ef1 \u00e1n v\u00e0 c\u00e1c ti\u00eau chu\u1ea9n ng\u00e0nh.<\/p><\/div><\/div>\t\t<\/div>\n\t\t\t\t<\/div>\n\t\t\t\t<div class=\"elementor-element elementor-element-9544c95 elementor-align-left elementor-icon-list--layout-traditional elementor-list-item-link-full_width elementor-widget elementor-widget-icon-list\" data-id=\"9544c95\" data-element_type=\"widget\" data-widget_type=\"icon-list.default\">\n\t\t\t\t<div class=\"elementor-widget-container\">\n\t\t\t\t\t<ul class=\"elementor-icon-list-items\">\n\t\t\t\t\t\t\t<li class=\"elementor-icon-list-item\">\n\t\t\t\t\t\t\t\t\t\t\t<span class=\"elementor-icon-list-icon\">\n\t\t\t\t\t\t\t<svg aria-hidden=\"true\" class=\"e-font-icon-svg e-fas-long-arrow-alt-right\" viewbox=\"0 0 448 512\" xmlns=\"http:\/\/www.w3.org\/2000\/svg\"><path d=\"M313.941 216H12c-6.627 0-12 5.373-12 12v56c0 6.627 5.373 12 12 12h301.941v46.059c0 21.382 25.851 32.09 40.971 16.971l86.059-86.059c9.373-9.373 9.373-24.569 0-33.941l-86.059-86.059c-15.119-15.119-40.971-4.411-40.971 16.971V216z\"><\/path><\/svg>\t\t\t\t\t\t<\/span>\n\t\t\t\t\t\t\t\t\t\t<span class=\"elementor-icon-list-text\">Xem th\u00eam<\/span>\n\t\t\t\t\t\t\t\t\t<\/li>\n\t\t\t\t\t\t<\/ul>\n\t\t\t\t<\/div>\n\t\t\t\t<\/div>\n\t\t\t\t<\/div>\n\t\t<div class=\"elementor-element elementor-element-afef53f e-con-full e-flex e-con e-child\" data-id=\"afef53f\" data-element_type=\"container\">\n\t\t\t\t<div class=\"elementor-element elementor-element-e22639b elementor-position-top elementor-widget elementor-widget-image-box\" data-id=\"e22639b\" data-element_type=\"widget\" data-widget_type=\"image-box.default\">\n\t\t\t\t<div class=\"elementor-widget-container\">\n\t\t\t<div class=\"elementor-image-box-wrapper\"><figure class=\"elementor-image-box-img\"><a href=\"https:\/\/imea.com.vn\/vi\/contact-us\/\" tabindex=\"-1\"><img decoding=\"async\" width=\"768\" height=\"486\" src=\"https:\/\/imea.com.vn\/wp-content\/uploads\/2024\/11\/Thiet-ke-chua-co-ten-2-1.png\" class=\"attachment-full size-full wp-image-4951\" alt=\"\" srcset=\"https:\/\/imea.com.vn\/wp-content\/uploads\/2024\/11\/Thiet-ke-chua-co-ten-2-1.png 768w, https:\/\/imea.com.vn\/wp-content\/uploads\/2024\/11\/Thiet-ke-chua-co-ten-2-1-300x190.png 300w\" sizes=\"(max-width: 768px) 100vw, 768px\" \/><\/a><\/figure><div class=\"elementor-image-box-content\"><h5 class=\"elementor-image-box-title\"><a href=\"https:\/\/imea.com.vn\/vi\/contact-us\/\">X\u00e2y d\u1ef1ng v\u00e0 l\u1eafp \u0111\u1eb7t t\u1ea5t c\u1ea3 c\u00e1c h\u1ec7 th\u1ed1ng nh\u00e0 m\u00e1y<\/a><\/h5><p class=\"elementor-image-box-description\">Ch\u00fang t\u00f4i chuy\u00ean v\u1ec1 x\u00e2y d\u1ef1ng v\u00e0 l\u1eafp \u0111\u1eb7t c\u00e1c h\u1ec7 th\u1ed1ng nh\u00e0 m\u00e1y, \u0111\u1ea3m b\u1ea3o t\u00edch h\u1ee3p tr\u01a1n tru v\u00e0 t\u1ed1i \u0111a h\u00f3a hi\u1ec7u qu\u1ea3 tr\u00ean c\u00e1c th\u00e0nh ph\u1ea7n c\u01a1 kh\u00ed, \u0111i\u1ec7n v\u00e0 \u1ed1ng n\u01b0\u1edbc.<\/p><\/div><\/div>\t\t<\/div>\n\t\t\t\t<\/div>\n\t\t\t\t<div class=\"elementor-element elementor-element-f62a317 elementor-align-left elementor-icon-list--layout-traditional elementor-list-item-link-full_width elementor-widget elementor-widget-icon-list\" data-id=\"f62a317\" data-element_type=\"widget\" data-widget_type=\"icon-list.default\">\n\t\t\t\t<div class=\"elementor-widget-container\">\n\t\t\t\t\t<ul class=\"elementor-icon-list-items\">\n\t\t\t\t\t\t\t<li class=\"elementor-icon-list-item\">\n\t\t\t\t\t\t\t\t\t\t\t<span class=\"elementor-icon-list-icon\">\n\t\t\t\t\t\t\t<svg aria-hidden=\"true\" class=\"e-font-icon-svg e-fas-long-arrow-alt-right\" viewbox=\"0 0 448 512\" xmlns=\"http:\/\/www.w3.org\/2000\/svg\"><path d=\"M313.941 216H12c-6.627 0-12 5.373-12 12v56c0 6.627 5.373 12 12 12h301.941v46.059c0 21.382 25.851 32.09 40.971 16.971l86.059-86.059c9.373-9.373 9.373-24.569 0-33.941l-86.059-86.059c-15.119-15.119-40.971-4.411-40.971 16.971V216z\"><\/path><\/svg>\t\t\t\t\t\t<\/span>\n\t\t\t\t\t\t\t\t\t\t<span class=\"elementor-icon-list-text\">Xem th\u00eam<\/span>\n\t\t\t\t\t\t\t\t\t<\/li>\n\t\t\t\t\t\t<\/ul>\n\t\t\t\t<\/div>\n\t\t\t\t<\/div>\n\t\t\t\t<\/div>\n\t\t\t\t<\/div>\n\t\t<div class=\"elementor-element elementor-element-109a380 e-con-full e-flex e-con e-child\" data-id=\"109a380\" data-element_type=\"container\">\n\t\t<div class=\"elementor-element elementor-element-a241b28 e-con-full e-flex e-con e-child\" data-id=\"a241b28\" data-element_type=\"container\">\n\t\t\t\t<div class=\"elementor-element elementor-element-e1e7e6a elementor-position-top elementor-widget elementor-widget-image-box\" data-id=\"e1e7e6a\" data-element_type=\"widget\" data-widget_type=\"image-box.default\">\n\t\t\t\t<div class=\"elementor-widget-container\">\n\t\t\t<div class=\"elementor-image-box-wrapper\"><figure class=\"elementor-image-box-img\"><a href=\"https:\/\/imea.com.vn\/vi\/contact-us\/\" tabindex=\"-1\"><img loading=\"lazy\" decoding=\"async\" width=\"768\" height=\"486\" src=\"https:\/\/imea.com.vn\/wp-content\/uploads\/2024\/11\/Thiet-ke-chua-co-ten-4.png\" class=\"attachment-full size-full wp-image-4968\" alt=\"\" srcset=\"https:\/\/imea.com.vn\/wp-content\/uploads\/2024\/11\/Thiet-ke-chua-co-ten-4.png 768w, https:\/\/imea.com.vn\/wp-content\/uploads\/2024\/11\/Thiet-ke-chua-co-ten-4-300x190.png 300w\" sizes=\"(max-width: 768px) 100vw, 768px\" \/><\/a><\/figure><div class=\"elementor-image-box-content\"><h5 class=\"elementor-image-box-title\"><a href=\"https:\/\/imea.com.vn\/vi\/contact-us\/\">S\u1eeda ch\u1eefa v\u00e0 kh\u1eafc ph\u1ee5c s\u1ef1 c\u1ed1 cho nh\u00e0 m\u00e1y<\/a><\/h5><p class=\"elementor-image-box-description\">Ch\u00fang t\u00f4i cung c\u1ea5p d\u1ecbch v\u1ee5 s\u1eeda ch\u1eefa v\u00e0 kh\u1eafc ph\u1ee5c s\u1ef1 c\u1ed1 chuy\u00ean nghi\u1ec7p cho c\u00e1c nh\u00e0 m\u00e1y, nhanh ch\u00f3ng x\u00e1c \u0111\u1ecbnh v\u00e0 gi\u1ea3i quy\u1ebft c\u00e1c v\u1ea5n \u0111\u1ec1 \u0111\u1ec3 gi\u1ea3m thi\u1ec3u th\u1eddi gian ng\u1eebng ho\u1ea1t \u0111\u1ed9ng v\u00e0 \u0111\u1ea3m b\u1ea3o ho\u1ea1t \u0111\u1ed9ng tr\u01a1n tru.<\/p><\/div><\/div>\t\t<\/div>\n\t\t\t\t<\/div>\n\t\t\t\t<div class=\"elementor-element elementor-element-b4dfc5e elementor-align-left elementor-icon-list--layout-traditional elementor-list-item-link-full_width elementor-widget elementor-widget-icon-list\" data-id=\"b4dfc5e\" data-element_type=\"widget\" data-widget_type=\"icon-list.default\">\n\t\t\t\t<div class=\"elementor-widget-container\">\n\t\t\t\t\t<ul class=\"elementor-icon-list-items\">\n\t\t\t\t\t\t\t<li class=\"elementor-icon-list-item\">\n\t\t\t\t\t\t\t\t\t\t\t<span class=\"elementor-icon-list-icon\">\n\t\t\t\t\t\t\t<svg aria-hidden=\"true\" class=\"e-font-icon-svg e-fas-long-arrow-alt-right\" viewbox=\"0 0 448 512\" xmlns=\"http:\/\/www.w3.org\/2000\/svg\"><path d=\"M313.941 216H12c-6.627 0-12 5.373-12 12v56c0 6.627 5.373 12 12 12h301.941v46.059c0 21.382 25.851 32.09 40.971 16.971l86.059-86.059c9.373-9.373 9.373-24.569 0-33.941l-86.059-86.059c-15.119-15.119-40.971-4.411-40.971 16.971V216z\"><\/path><\/svg>\t\t\t\t\t\t<\/span>\n\t\t\t\t\t\t\t\t\t\t<span class=\"elementor-icon-list-text\">Xem th\u00eam<\/span>\n\t\t\t\t\t\t\t\t\t<\/li>\n\t\t\t\t\t\t<\/ul>\n\t\t\t\t<\/div>\n\t\t\t\t<\/div>\n\t\t\t\t<\/div>\n\t\t<div class=\"elementor-element elementor-element-64f90a6 e-con-full e-flex e-con e-child\" data-id=\"64f90a6\" data-element_type=\"container\">\n\t\t\t\t<div class=\"elementor-element elementor-element-8e04d4b elementor-position-top elementor-widget elementor-widget-image-box\" data-id=\"8e04d4b\" data-element_type=\"widget\" data-widget_type=\"image-box.default\">\n\t\t\t\t<div class=\"elementor-widget-container\">\n\t\t\t<div class=\"elementor-image-box-wrapper\"><figure class=\"elementor-image-box-img\"><a href=\"https:\/\/imea.com.vn\/vi\/contact-us\/\" tabindex=\"-1\"><img loading=\"lazy\" decoding=\"async\" width=\"768\" height=\"486\" src=\"https:\/\/imea.com.vn\/wp-content\/uploads\/2024\/11\/Thiet-ke-chua-co-ten-1-2.png\" class=\"attachment-full size-full wp-image-4970\" alt=\"\" srcset=\"https:\/\/imea.com.vn\/wp-content\/uploads\/2024\/11\/Thiet-ke-chua-co-ten-1-2.png 768w, https:\/\/imea.com.vn\/wp-content\/uploads\/2024\/11\/Thiet-ke-chua-co-ten-1-2-300x190.png 300w\" sizes=\"(max-width: 768px) 100vw, 768px\" \/><\/a><\/figure><div class=\"elementor-image-box-content\"><h5 class=\"elementor-image-box-title\"><a href=\"https:\/\/imea.com.vn\/vi\/contact-us\/\">Cung c\u1ea5p d\u1ecbch v\u1ee5 \u01b0\u1edbc l\u01b0\u1ee3ng cho ng\u00e0nh MEP<\/a><\/h5><p class=\"elementor-image-box-description\">\nCh\u00fang t\u00f4i cung c\u1ea5p d\u1ecbch v\u1ee5 \u01b0\u1edbc l\u01b0\u1ee3ng ch\u00ednh x\u00e1c cho ng\u00e0nh MEP, cung c\u1ea5p ph\u00e2n t\u00edch chi ph\u00ed chi ti\u1ebft \u0111\u1ec3 h\u1ed7 tr\u1ee3 l\u1eadp k\u1ebf ho\u1ea1ch v\u00e0 ng\u00e2n s\u00e1ch d\u1ef1 \u00e1n, \u0111\u1ea3m b\u1ea3o hi\u1ec7u qu\u1ea3 v\u00e0 kh\u1ea3 thi.<\/p><\/div><\/div>\t\t<\/div>\n\t\t\t\t<\/div>\n\t\t\t\t<div class=\"elementor-element elementor-element-6283611 elementor-align-left elementor-icon-list--layout-traditional elementor-list-item-link-full_width elementor-widget elementor-widget-icon-list\" data-id=\"6283611\" data-element_type=\"widget\" data-widget_type=\"icon-list.default\">\n\t\t\t\t<div class=\"elementor-widget-container\">\n\t\t\t\t\t<ul class=\"elementor-icon-list-items\">\n\t\t\t\t\t\t\t<li class=\"elementor-icon-list-item\">\n\t\t\t\t\t\t\t\t\t\t\t<span class=\"elementor-icon-list-icon\">\n\t\t\t\t\t\t\t<svg aria-hidden=\"true\" class=\"e-font-icon-svg e-fas-long-arrow-alt-right\" viewbox=\"0 0 448 512\" xmlns=\"http:\/\/www.w3.org\/2000\/svg\"><path d=\"M313.941 216H12c-6.627 0-12 5.373-12 12v56c0 6.627 5.373 12 12 12h301.941v46.059c0 21.382 25.851 32.09 40.971 16.971l86.059-86.059c9.373-9.373 9.373-24.569 0-33.941l-86.059-86.059c-15.119-15.119-40.971-4.411-40.971 16.971V216z\"><\/path><\/svg>\t\t\t\t\t\t<\/span>\n\t\t\t\t\t\t\t\t\t\t<span class=\"elementor-icon-list-text\">Xem th\u00eam<\/span>\n\t\t\t\t\t\t\t\t\t<\/li>\n\t\t\t\t\t\t<\/ul>\n\t\t\t\t<\/div>\n\t\t\t\t<\/div>\n\t\t\t\t<\/div>\n\t\t<div class=\"elementor-element elementor-element-2de5eb8 e-con-full e-flex e-con e-child\" data-id=\"2de5eb8\" data-element_type=\"container\">\n\t\t\t\t<div class=\"elementor-element elementor-element-532d783 elementor-position-top elementor-widget elementor-widget-image-box\" data-id=\"532d783\" data-element_type=\"widget\" data-widget_type=\"image-box.default\">\n\t\t\t\t<div class=\"elementor-widget-container\">\n\t\t\t<div class=\"elementor-image-box-wrapper\"><figure class=\"elementor-image-box-img\"><a href=\"https:\/\/imea.com.vn\/vi\/contact-us\/\" tabindex=\"-1\"><img loading=\"lazy\" decoding=\"async\" width=\"768\" height=\"486\" src=\"https:\/\/imea.com.vn\/wp-content\/uploads\/2024\/11\/Thiet-ke-chua-co-ten-2-2.png\" class=\"attachment-full size-full wp-image-4971\" alt=\"\" srcset=\"https:\/\/imea.com.vn\/wp-content\/uploads\/2024\/11\/Thiet-ke-chua-co-ten-2-2.png 768w, https:\/\/imea.com.vn\/wp-content\/uploads\/2024\/11\/Thiet-ke-chua-co-ten-2-2-300x190.png 300w\" sizes=\"(max-width: 768px) 100vw, 768px\" \/><\/a><\/figure><div class=\"elementor-image-box-content\"><h5 class=\"elementor-image-box-title\"><a href=\"https:\/\/imea.com.vn\/vi\/contact-us\/\">H\u1ed7 tr\u1ee3 kh\u00e1ch h\u00e0ng 24\/7 cho ng\u00e0nh MEP<\/a><\/h5><p class=\"elementor-image-box-description\">Ch\u00fang t\u00f4i cung c\u1ea5p h\u1ed7 tr\u1ee3 kh\u00e1ch h\u00e0ng 24\/7 cho ng\u00e0nh MEP, \u0111\u1ea3m b\u1ea3o h\u1ed7 tr\u1ee3 k\u1ecbp th\u1eddi v\u00e0 gi\u1ea3i ph\u00e1p chuy\u00ean gia \u0111\u1ec3 gi\u1ea3i quy\u1ebft m\u1ecdi v\u1ea5n \u0111\u1ec1 ho\u1eb7c th\u1eafc m\u1eafc m\u1ecdi l\u00fac.<\/p><\/div><\/div>\t\t<\/div>\n\t\t\t\t<\/div>\n\t\t\t\t<div class=\"elementor-element elementor-element-72204c1 elementor-align-left elementor-icon-list--layout-traditional elementor-list-item-link-full_width elementor-widget elementor-widget-icon-list\" data-id=\"72204c1\" data-element_type=\"widget\" data-widget_type=\"icon-list.default\">\n\t\t\t\t<div class=\"elementor-widget-container\">\n\t\t\t\t\t<ul class=\"elementor-icon-list-items\">\n\t\t\t\t\t\t\t<li class=\"elementor-icon-list-item\">\n\t\t\t\t\t\t\t\t\t\t\t<span class=\"elementor-icon-list-icon\">\n\t\t\t\t\t\t\t<svg aria-hidden=\"true\" class=\"e-font-icon-svg e-fas-long-arrow-alt-right\" viewbox=\"0 0 448 512\" xmlns=\"http:\/\/www.w3.org\/2000\/svg\"><path d=\"M313.941 216H12c-6.627 0-12 5.373-12 12v56c0 6.627 5.373 12 12 12h301.941v46.059c0 21.382 25.851 32.09 40.971 16.971l86.059-86.059c9.373-9.373 9.373-24.569 0-33.941l-86.059-86.059c-15.119-15.119-40.971-4.411-40.971 16.971V216z\"><\/path><\/svg>\t\t\t\t\t\t<\/span>\n\t\t\t\t\t\t\t\t\t\t<span class=\"elementor-icon-list-text\">Xem th\u00eam<\/span>\n\t\t\t\t\t\t\t\t\t<\/li>\n\t\t\t\t\t\t<\/ul>\n\t\t\t\t<\/div>\n\t\t\t\t<\/div>\n\t\t\t\t<\/div>\n\t\t\t\t<\/div>\n\t\t\t\t<\/div>\n\t\t\t\t\t<\/div>\n\t\t\t\t<\/div>\n\t\t\t\t<\/div>","protected":false},"excerpt":{"rendered":"<p>Services We provide optimal MEP solutions, ensuring high efficiency and seamless integration for all projects. IMEA focuses on streamlining operations and delivering optimized solutions that enhance efficiency and cost-effectiveness for our clients. We serve six major sectors: Providing product for the MEP industry, Design consultancy for MEP industry, Construction and installation of all factory systems, [&hellip;]<\/p>","protected":false},"author":1,"featured_media":0,"parent":0,"menu_order":0,"comment_status":"closed","ping_status":"closed","template":"","meta":{"_uag_custom_page_level_css":"","site-sidebar-layout":"no-sidebar","site-content-layout":"page-builder","ast-site-content-layout":"full-width-container","site-content-style":"unboxed","site-sidebar-style":"unboxed","ast-global-header-display":"","ast-banner-title-visibility":"","ast-main-header-display":"","ast-hfb-above-header-display":"","ast-hfb-below-header-display":"","ast-hfb-mobile-header-display":"","site-post-title":"disabled","ast-breadcrumbs-content":"","ast-featured-img":"disabled","footer-sml-layout":"","theme-transparent-header-meta":"enabled","adv-header-id-meta":"","stick-header-meta":"","header-above-stick-meta":"","header-main-stick-meta":"","header-below-stick-meta":"","astra-migrate-meta-layouts":"set","ast-page-background-enabled":"default","ast-page-background-meta":{"desktop":{"background-color":"","background-image":"","background-repeat":"repeat","background-position":"center center","background-size":"auto","background-attachment":"scroll","background-type":"","background-media":"","overlay-type":"","overlay-color":"","overlay-opacity":"","overlay-gradient":""},"tablet":{"background-color":"","background-image":"","background-repeat":"repeat","background-position":"center center","background-size":"auto","background-attachment":"scroll","background-type":"","background-media":"","overlay-type":"","overlay-color":"","overlay-opacity":"","overlay-gradient":""},"mobile":{"background-color":"","background-image":"","background-repeat":"repeat","background-position":"center center","background-size":"auto","background-attachment":"scroll","background-type":"","background-media":"","overlay-type":"","overlay-color":"","overlay-opacity":"","overlay-gradient":""}},"ast-content-background-meta":{"desktop":{"background-color":"var(--ast-global-color-5)","background-image":"","background-repeat":"repeat","background-position":"center center","background-size":"auto","background-attachment":"scroll","background-type":"","background-media":"","overlay-type":"","overlay-color":"","overlay-opacity":"","overlay-gradient":""},"tablet":{"background-color":"var(--ast-global-color-5)","background-image":"","background-repeat":"repeat","background-position":"center center","background-size":"auto","background-attachment":"scroll","background-type":"","background-media":"","overlay-type":"","overlay-color":"","overlay-opacity":"","overlay-gradient":""},"mobile":{"background-color":"var(--ast-global-color-5)","background-image":"","background-repeat":"repeat","background-position":"center center","background-size":"auto","background-attachment":"scroll","background-type":"","background-media":"","overlay-type":"","overlay-color":"","overlay-opacity":"","overlay-gradient":""}},"_ti_tpc_template_sync":false,"_ti_tpc_template_id":"","footnotes":""},"class_list":["post-1817","page","type-page","status-publish","hentry"],"uagb_featured_image_src":{"full":false,"thumbnail":false,"medium":false,"medium_large":false,"large":false,"1536x1536":false,"2048x2048":false,"trp-custom-language-flag":false},"uagb_author_info":{"display_name":"admin","author_link":"https:\/\/imea.com.vn\/vi\/author\/admin\/"},"uagb_comment_info":0,"uagb_excerpt":"Services We provide optimal MEP solutions, ensuring high efficiency and seamless integration for all projects. IMEA focuses on streamlining operations and delivering optimized solutions that enhance efficiency and cost-effectiveness for our clients. We serve six major sectors: Providing product for the MEP industry, Design consultancy for MEP industry, Construction and installation of all factory systems,&hellip;","_links":{"self":[{"href":"https:\/\/imea.com.vn\/vi\/wp-json\/wp\/v2\/pages\/1817","targetHints":{"allow":["GET"]}}],"collection":[{"href":"https:\/\/imea.com.vn\/vi\/wp-json\/wp\/v2\/pages"}],"about":[{"href":"https:\/\/imea.com.vn\/vi\/wp-json\/wp\/v2\/types\/page"}],"author":[{"embeddable":true,"href":"https:\/\/imea.com.vn\/vi\/wp-json\/wp\/v2\/users\/1"}],"replies":[{"embeddable":true,"href":"https:\/\/imea.com.vn\/vi\/wp-json\/wp\/v2\/comments?post=1817"}],"version-history":[{"count":67,"href":"https:\/\/imea.com.vn\/vi\/wp-json\/wp\/v2\/pages\/1817\/revisions"}],"predecessor-version":[{"id":5038,"href":"https:\/\/imea.com.vn\/vi\/wp-json\/wp\/v2\/pages\/1817\/revisions\/5038"}],"wp:attachment":[{"href":"https:\/\/imea.com.vn\/vi\/wp-json\/wp\/v2\/media?parent=1817"}],"curies":[{"name":"wp","href":"https:\/\/api.w.org\/{rel}","templated":true}]}}