{"id":3756,"date":"2024-10-27T17:33:00","date_gmt":"2024-10-27T10:33:00","guid":{"rendered":"https:\/\/imea.com.vn\/?page_id=3756"},"modified":"2024-11-13T22:11:05","modified_gmt":"2024-11-13T15:11:05","slug":"drainage","status":"publish","type":"page","link":"https:\/\/imea.com.vn\/vi\/contruction\/drainage\/","title":{"rendered":"H\u1ec7 th\u1ed1ng Tho\u00e1t n\u01b0\u1edbc"},"content":{"rendered":"<div data-elementor-type=\"wp-page\" data-elementor-id=\"3756\" class=\"elementor elementor-3756\" data-elementor-post-type=\"page\">\n\t\t\t\t<div class=\"elementor-element elementor-element-a8e9855 e-flex e-con-boxed e-con e-parent\" data-id=\"a8e9855\" data-element_type=\"container\">\n\t\t\t\t\t<div class=\"e-con-inner\">\n\t\t\t\t<div class=\"elementor-element elementor-element-e728e17 elementor-widget elementor-widget-heading\" data-id=\"e728e17\" data-element_type=\"widget\" data-widget_type=\"heading.default\">\n\t\t\t\t<div class=\"elementor-widget-container\">\n\t\t\t<h2 class=\"elementor-heading-title elementor-size-default\">H\u1ec7 th\u1ed1ng c\u1ea5p tho\u00e1t n\u01b0\u1edbc l\u00e0 g\u00ec? Quy \u0111\u1ecbnh trong nh\u00e0 m\u00e1y<\/h2>\t\t<\/div>\n\t\t\t\t<\/div>\n\t\t\t\t<div class=\"elementor-element elementor-element-48443f5 elementor-widget-divider--view-line elementor-widget elementor-widget-divider\" data-id=\"48443f5\" data-element_type=\"widget\" data-widget_type=\"divider.default\">\n\t\t\t\t<div class=\"elementor-widget-container\">\n\t\t\t\t\t<div class=\"elementor-divider\">\n\t\t\t<span class=\"elementor-divider-separator\">\n\t\t\t\t\t\t<\/span>\n\t\t<\/div>\n\t\t\t\t<\/div>\n\t\t\t\t<\/div>\n\t\t\t\t\t<\/div>\n\t\t\t\t<\/div>\n\t\t<div class=\"elementor-element elementor-element-4811c3b e-flex e-con-boxed e-con e-parent\" data-id=\"4811c3b\" data-element_type=\"container\">\n\t\t\t\t\t<div class=\"e-con-inner\">\n\t\t\t\t<div class=\"elementor-element elementor-element-fd52923 elementor-widget elementor-widget-text-editor\" data-id=\"fd52923\" data-element_type=\"widget\" data-widget_type=\"text-editor.default\">\n\t\t\t\t<div class=\"elementor-widget-container\">\n\t\t\t\t\t\t\t<p><em><strong><span>H\u1ec7 th\u1ed1ng c\u1ea5p tho\u00e1t n\u01b0\u1edbc bao g\u1ed3m t\u1ed5 h\u1ee3p nhi\u1ec1u c\u00f4ng tr\u00ecnh v\u1eadn chuy\u1ec3n, \u0111i\u1ec1u h\u00f2a, ph\u00e2n ph\u1ed1i n\u01b0\u1edbc\u2026 nh\u1eb1m \u0111\u1ea3m b\u1ea3o cung c\u1ea5p n\u01b0\u1edbc sinh ho\u1ea1t v\u00e0 s\u1ea3n xu\u1ea5t trong c\u00e1c nh\u00e0 m\u00e1y, kh\u00e1ch s\u1ea1n, t\u00f2a nh\u00e0, nh\u00e0 d\u00e2n\u2026<\/span><\/strong><\/em><\/p>\t\t\t\t\t\t<\/div>\n\t\t\t\t<\/div>\n\t\t<div class=\"elementor-element elementor-element-b1329a5 e-con-full e-flex e-con e-child\" data-id=\"b1329a5\" data-element_type=\"container\">\n\t\t<div class=\"elementor-element elementor-element-a7f3dc9 e-con-full e-flex e-con e-child\" data-id=\"a7f3dc9\" data-element_type=\"container\" data-settings=\"{&quot;background_background&quot;:&quot;classic&quot;}\">\n\t\t\t\t<\/div>\n\t\t\t\t<div class=\"elementor-element elementor-element-91e1d17 elementor-widget elementor-widget-heading\" data-id=\"91e1d17\" data-element_type=\"widget\" data-widget_type=\"heading.default\">\n\t\t\t\t<div class=\"elementor-widget-container\">\n\t\t\t<h2 class=\"elementor-heading-title elementor-size-default\">Water supply and drainage system<\/h2>\t\t<\/div>\n\t\t\t\t<\/div>\n\t\t\t\t<\/div>\n\t\t\t\t<div class=\"elementor-element elementor-element-66fa061 elementor-toc--minimized-on-tablet elementor-widget elementor-widget-table-of-contents\" data-id=\"66fa061\" data-element_type=\"widget\" data-settings=\"{&quot;headings_by_tags&quot;:[&quot;h3&quot;],&quot;exclude_headings_by_selector&quot;:[],&quot;marker_view&quot;:&quot;bullets&quot;,&quot;icon&quot;:{&quot;value&quot;:&quot;&quot;,&quot;library&quot;:&quot;&quot;},&quot;min_height&quot;:{&quot;unit&quot;:&quot;px&quot;,&quot;size&quot;:0,&quot;sizes&quot;:[]},&quot;minimize_box&quot;:&quot;yes&quot;,&quot;minimized_on&quot;:&quot;tablet&quot;,&quot;hierarchical_view&quot;:&quot;yes&quot;,&quot;min_height_tablet&quot;:{&quot;unit&quot;:&quot;px&quot;,&quot;size&quot;:&quot;&quot;,&quot;sizes&quot;:[]},&quot;min_height_mobile&quot;:{&quot;unit&quot;:&quot;px&quot;,&quot;size&quot;:&quot;&quot;,&quot;sizes&quot;:[]}}\" data-widget_type=\"table-of-contents.default\">\n\t\t\t\t<div class=\"elementor-widget-container\">\n\t\t\t\t\t<div class=\"elementor-toc__header\">\n\t\t\t<h4 class=\"elementor-toc__header-title\">\n\t\t\t\tM\u1ee5c l\u1ee5c\t\t\t<\/h4>\n\t\t\t\t\t\t\t<div class=\"elementor-toc__toggle-button elementor-toc__toggle-button--expand\" role=\"button\" tabindex=\"0\" aria-controls=\"elementor-toc__66fa061\" aria-expanded=\"true\" aria-label=\"Open table of contents\"><svg aria-hidden=\"true\" class=\"e-font-icon-svg e-fas-chevron-down\" viewbox=\"0 0 448 512\" xmlns=\"http:\/\/www.w3.org\/2000\/svg\"><path d=\"M207.029 381.476L12.686 187.132c-9.373-9.373-9.373-24.569 0-33.941l22.667-22.667c9.357-9.357 24.522-9.375 33.901-.04L224 284.505l154.745-154.021c9.379-9.335 24.544-9.317 33.901.04l22.667 22.667c9.373 9.373 9.373 24.569 0 33.941L240.971 381.476c-9.373 9.372-24.569 9.372-33.942 0z\"><\/path><\/svg><\/div>\n\t\t\t\t<div class=\"elementor-toc__toggle-button elementor-toc__toggle-button--collapse\" role=\"button\" tabindex=\"0\" aria-controls=\"elementor-toc__66fa061\" aria-expanded=\"true\" aria-label=\"Close table of contents\"><svg aria-hidden=\"true\" class=\"e-font-icon-svg e-fas-chevron-up\" viewbox=\"0 0 448 512\" xmlns=\"http:\/\/www.w3.org\/2000\/svg\"><path d=\"M240.971 130.524l194.343 194.343c9.373 9.373 9.373 24.569 0 33.941l-22.667 22.667c-9.357 9.357-24.522 9.375-33.901.04L224 227.495 69.255 381.516c-9.379 9.335-24.544 9.317-33.901-.04l-22.667-22.667c-9.373-9.373-9.373-24.569 0-33.941L207.03 130.525c9.372-9.373 24.568-9.373 33.941-.001z\"><\/path><\/svg><\/div>\n\t\t\t\t\t<\/div>\n\t\t<div id=\"elementor-toc__66fa061\" class=\"elementor-toc__body\">\n\t\t\t<div class=\"elementor-toc__spinner-container\">\n\t\t\t\t<svg class=\"elementor-toc__spinner eicon-animation-spin e-font-icon-svg e-eicon-loading\" aria-hidden=\"true\" viewbox=\"0 0 1000 1000\" xmlns=\"http:\/\/www.w3.org\/2000\/svg\"><path d=\"M500 975V858C696 858 858 696 858 500S696 142 500 142 142 304 142 500H25C25 237 238 25 500 25S975 237 975 500 763 975 500 975Z\"><\/path><\/svg>\t\t\t<\/div>\n\t\t<\/div>\n\t\t\t\t<\/div>\n\t\t\t\t<\/div>\n\t\t\t\t<div class=\"elementor-element elementor-element-db226e3 elementor-widget elementor-widget-text-editor\" data-id=\"db226e3\" data-element_type=\"widget\" data-widget_type=\"text-editor.default\">\n\t\t\t\t<div class=\"elementor-widget-container\">\n\t\t\t\t\t\t\t<h3><strong><span style=\"color: #1b9c85;\">1.<\/span> <span style=\"color: #1b9c85;\">H\u1ec7 th\u1ed1ng c\u1ea5p tho\u00e1t n\u01b0\u1edbc l\u00e0 g\u00ec?<\/span><\/strong><\/h3><p>H\u1ec7 th\u1ed1ng c\u1ea5p tho\u00e1t n\u01b0\u1edbc (ti\u1ebfng anh l\u00e0 water supply and drainage system) \u0111\u00f3ng vai tr\u00f2 quan tr\u1ecdng trong m\u1ed7i c\u00f4ng tr\u00ecnh, c\u00f3 nhi\u1ec7m v\u1ee5 thu gom, qu\u1ea3n l\u00fd v\u00e0 x\u1eed l\u00fd n\u01b0\u1edbc trong khu v\u1ef1c nh\u1ea5t \u0111\u1ecbnh v\u1edbi c\u00e1c th\u00e0nh ph\u1ea7n ch\u00ednh nh\u01b0: ngu\u1ed3n n\u01b0\u1edbc, b\u1ec3 ch\u1ee9a, \u0111\u01b0\u1eddng \u1ed1ng, b\u1ec3 l\u1ecdc, m\u00e1y b\u01a1m, tr\u1ea1m b\u01a1m\u2026<\/p><p>Hi\u1ec3u m\u1ed9t c\u00e1ch \u0111\u01a1n gi\u1ea3n, h\u1ec7 th\u1ed1ng c\u1ea5p tho\u00e1t n\u01b0\u1edbc l\u00e0 h\u1ec7 th\u1ed1ng ph\u00e2n ph\u1ed1i n\u01b0\u1edbc s\u1ea1ch t\u1eeb ngu\u1ed3n n\u01b0\u1edbc t\u1ef1 nhi\u00ean ho\u1eb7c b\u1ec3 ch\u1ee9a \u0111\u1ebfn c\u00e1c c\u00f4ng tr\u00ecnh, \u0111i\u1ec1u h\u00f2a ngu\u1ed3n n\u01b0\u1edbc (\u0111\u1ea3m b\u1ea3o \u0111\u1ee7 n\u01b0\u1edbc sinh ho\u1ea1t, s\u1ea3n xu\u1ea5t) v\u00e0 thu gom, chuy\u1ec3n n\u01b0\u1edbc th\u1ea3i \u0111\u1ebfn tr\u1ea1m x\u1eed l\u00fd n\u01b0\u1edbc th\u1ea3i.<\/p><p><span style=\"color: #1b9c85;\"><em><strong>H\u1ec7 th\u1ed1ng c\u1ea5p n\u01b0\u1edbc trong nh\u00e0 th\u01b0\u1eddng bao g\u1ed3m 3 lo\u1ea1i:<\/strong><\/em><\/span><\/p><ul><li>H\u1ec7 th\u1ed1ng c\u1ea5p n\u01b0\u1edbc ph\u1ee5c v\u1ee5 sinh ho\u1ea1t<\/li><li>H\u1ec7 th\u1ed1ng c\u1ea5p n\u01b0\u1edbc ph\u1ee5c v\u1ee5 s\u1ea3n xu\u1ea5t<\/li><li>H\u1ec7 th\u1ed1ng c\u1ea5p n\u01b0\u1edbc ph\u1ee5c v\u1ee5 ho\u1ea1t \u0111\u1ed9ng ph\u00f2ng ch\u00e1y ch\u1eefa ch\u00e1y (c\u1ea5p n\u01b0\u1edbc PCCC)<\/li><\/ul><p>\u0110\u1ec3 ti\u1ebfp ki\u1ec7m chi ph\u00ed, nhi\u1ec1u \u0111\u01a1n v\u1ecb s\u1eed d\u1ee5ng chung c\u1ea3 3 h\u1ec7 th\u1ed1ng n\u00e0y nh\u01b0ng c\u1ea7n \u0111\u01b0\u1ee3c thi\u1ebft k\u1ebf, nghi\u1ec7m thu theo y\u00eau c\u1ea7u (\u0111\u1eb7c bi\u1ec7t l\u00e0 h\u1ec7 th\u1ed1ng c\u1ea5p n\u01b0\u1edbc PCCC cho c\u00e1c c\u00f4ng tr\u00ecnh l\u1edbn).<\/p><p>B\u00ean c\u1ea1nh h\u1ec7 th\u1ed1ng c\u1ea5p n\u01b0\u1edbc,\u00a0<span style=\"color: #1b9c85;\"><em><strong>h\u1ec7 th\u1ed1ng tho\u00e1t n\u01b0\u1edbc trong nh\u00e0 c\u0169ng th\u01b0\u1eddng \u0111\u01b0\u1ee3c chia th\u00e0nh 3 lo\u1ea1i:<\/strong><\/em><\/span><\/p><ul><li>H\u1ec7 th\u1ed1ng tho\u00e1t n\u01b0\u1edbc th\u1ea3i \u1edf c\u00e1c khu v\u1ef1c sinh ho\u1ea1t (c\u00f3 th\u1ec3 x\u1ea3 ra \u0111\u01b0\u1eddng \u1ed1ng tho\u00e1t n\u01b0\u1edbc theo quy \u0111\u1ecbnh ho\u1eb7c t\u00e1i s\u1eed d\u1ee5ng cho c\u00e1c vi\u1ec7c t\u01b0\u1edbi c\u00e2y, v\u1ec7 sinh\u2026).<\/li><li>H\u1ec7 th\u1ed1ng tho\u00e1t n\u01b0\u1edbc th\u1ea3i ph\u00e1t sinh trong qu\u00e1 tr\u00ecnh s\u1ea3n xu\u1ea5t, n\u01b0\u1edbc th\u1ea3i c\u00f4ng nghi\u1ec7p (n\u01b0\u1edbc th\u1ea3i c\u00f4ng nghi\u1ec7p c\u1ea7n \u0111\u01b0\u1ee3c ph\u00e2n lo\u1ea1i theo m\u1ee9c \u0111\u1ed9 v\u00e0 \u0111\u01b0a v\u00e0o x\u1eed l\u00fd \u1edf c\u00e1c tr\u1ea1m x\u1eed l\u00fd ho\u1eb7c theo quy tr\u00ecnh chuy\u00ean nghi\u1ec7p \u0111\u1ec3 tr\u00e1nh \u00f4 nhi\u1ec5m m\u00f4i tr\u01b0\u1eddng tr\u01b0\u1edbc khi x\u1ea3 ra b\u00ean ngo\u00e0i).<\/li><li>H\u1ec7 th\u1ed1ng tho\u00e1t n\u01b0\u1edbc m\u01b0a (\u1edf khu v\u1ef1c tr\u00ean m\u00e1i, ban c\u00f4ng ho\u1eb7c ph\u1ea7n s\u00e2n\u2026).<\/li><\/ul><h3><span style=\"color: #1b9c85;\"><strong>2. S\u01a1 l\u01b0\u1ee3c v\u1ec1 h\u1ec7 th\u1ed1ng c\u1ea5p tho\u00e1t n\u01b0\u1edbc trong nh\u00e0 m\u00e1y<\/strong><\/span><\/h3><p>H\u1ec7 th\u1ed1ng c\u1ea5p tho\u00e1t n\u01b0\u1edbc trong nh\u00e0 m\u00e1y \u0111\u01b0\u1ee3c chia l\u00e0m hai ph\u1ea7n ch\u00ednh l\u00e0 c\u1ea5p n\u01b0\u1edbc v\u00e0 tho\u00e1t n\u01b0\u1edbc. V\u1ec1 k\u1ebft c\u1ea5u, h\u1ec7 th\u1ed1ng c\u1ea5p n\u01b0\u1edbc c\u00f3 c\u00e1c th\u00e0nh ph\u1ea7n ch\u00ednh d\u01b0\u1edbi \u0111\u00e2y:<\/p><figure id=\"attachment_14168\" class=\"wp-caption aligncenter\" aria-describedby=\"caption-attachment-14168\"><img fetchpriority=\"high\" decoding=\"async\" class=\"wp-image-14168\" title=\"What is a drainage system? Regulations in factory 4\" src=\"https:\/\/phucbinh.com.vn\/wp-content\/uploads\/2024\/06\/Asset-7-1024x706-1-300x207.png.webp\" sizes=\"(max-width: 600px) 100vw, 600px\" srcset=\"https:\/\/phucbinh.com.vn\/wp-content\/uploads\/2024\/06\/Asset-7-1024x706-1-300x207.png.webp 300w, https:\/\/phucbinh.com.vn\/wp-content\/uploads\/2024\/06\/Asset-7-1024x706-1-768x530.png.webp 768w, https:\/\/phucbinh.com.vn\/wp-content\/uploads\/2024\/06\/Asset-7-1024x706-1.png.webp 1024w\" alt=\"Water supply system in the factory\" width=\"600\" height=\"414\" \/><p>\u00a0<\/p><figcaption id=\"caption-attachment-14168\" class=\"wp-caption-text\"><span style=\"color: #1b9c85;\"><em>H\u1ec7 th\u1ed1ng c\u1ea5p n\u01b0\u1edbc trong nh\u00e0 m\u00e1y<\/em><\/span><\/figcaption><\/figure><ul><li>Ngu\u1ed3n n\u01b0\u1edbc: C\u00f3 th\u1ec3 l\u00e0 n\u01b0\u1edbc t\u1ef1 nhi\u00ean t\u1eeb ao h\u1ed3, n\u01b0\u1edbc gi\u1ebfng khoan ho\u1eb7c n\u01b0\u1edbc s\u1ea1ch\u2026<\/li><li>Tr\u1ea1m x\u1eed l\u00fd n\u01b0\u1edbc nh\u1eb1m x\u1eed l\u00fd n\u01b0\u1edbc t\u1eeb ngu\u1ed3n cung c\u1ea5p (l\u1ecdc, kh\u1eed tr\u00f9ng\u2026) tr\u01b0\u1edbc khi \u0111\u01b0a v\u00e0o h\u1ec7 th\u1ed1ng c\u1ea5p n\u01b0\u1edbc<\/li><li>H\u1ec7 th\u1ed1ng \u0111\u01b0\u1eddng \u1ed1ng \u0111\u1ec3 ki\u1ec3m so\u00e1t v\u00e0 \u0111i\u1ec1u ti\u1ebft n\u01b0\u1edbc, ph\u00e2n ph\u1ed1i n\u01b0\u1edbc \u0111\u1ebfn c\u00e1c khu v\u1ef1c<\/li><li>H\u1ec7 th\u1ed1ng b\u1ec3 ch\u1ee9a \u0111\u1ec3 l\u01b0u tr\u1eef, \u0111i\u1ec1u h\u00f2a l\u01b0\u1ee3ng n\u01b0\u1edbc<\/li><li>Thi\u1ebft b\u1ecb b\u01a1m v\u00e0 h\u1ed7 tr\u1ee3 ph\u00e2n ph\u1ed1i n\u01b0\u1edbc \u0111\u1ebfn c\u00e1c \u0111i\u1ec3m s\u1eed d\u1ee5ng<\/li><\/ul><p>H\u1ec7 th\u1ed1ng tho\u00e1t n\u01b0\u1edbc bao g\u1ed3m c\u00e1c th\u00e0nh ph\u1ea7n ch\u00ednh:<\/p><ul><li>H\u1ec7 th\u1ed1ng thu gom n\u01b0\u1edbc th\u1ea3i<\/li><li>H\u1ec7 th\u1ed1ng x\u1eed l\u00fd n\u01b0\u1edbc th\u1ea3i<\/li><li>H\u1ec7 th\u1ed1ng tho\u00e1t n\u01b0\u1edbc \u0111\u1ec3 \u0111\u01b0a n\u01b0\u1edbc v\u00e0 m\u00f4i tr\u01b0\u1eddng t\u1ef1 nhi\u00ean sau khi \u0111\u01b0\u1ee3c x\u1eed l\u00fd theo ti\u00eau chu\u1ea9n<\/li><li>H\u1ec7 th\u1ed1ng b\u1ec3 ch\u1ee9a \u0111\u1ec3 l\u01b0u tr\u1eef n\u01b0\u1edbc th\u1ea3i ch\u1edd x\u1eed l\u00fd<\/li><\/ul><p>Thi\u1ebft k\u1ebf h\u1ec7 th\u1ed1ng c\u1ea5p tho\u00e1t n\u01b0\u1edbc cho nh\u00e0 m\u00e1y r\u1ea5t ph\u1ee9c t\u1ea1p, t\u00f9y thu\u1ed9c v\u00e0o ch\u1ea5t l\u01b0\u1ee3ng ngu\u1ed3n n\u01b0\u1edbc, quy m\u00f4, t\u00ednh ch\u1ea5t n\u01b0\u1edbc th\u1ea3i, \u0111\u1ecba h\u00ecnh\u2026 V\u1ec1 c\u01a1 b\u1ea3n, h\u1ec7 th\u1ed1ng n\u00e0y c\u1ea7n \u0111\u1ea3m b\u1ea3o c\u00e1c nguy\u00ean t\u1eafc:<\/p><ul><li>Tu\u00e2n th\u1ee7 quy \u0111\u1ecbnh an to\u00e0n m\u00f4i tr\u01b0\u1eddng v\u1ec1 ch\u1ea5t l\u01b0\u1ee3ng n\u01b0\u1edbc, ti\u1ebfng \u1ed3n\u2026<\/li><li>\u0110\u1ea3m b\u1ea3o k\u1ebft h\u1ee3p c\u00f9ng h\u1ec7 th\u1ed1ng ph\u00f2ng ch\u00e1y ch\u1eefa ch\u00e1y, h\u1ec7 th\u1ed1ng b\u00e1o ch\u00e1y t\u1ef1 \u0111\u1ed9ng<\/li><li>T\u1ed1i \u01b0u h\u00f3a chi ph\u00ed v\u1eadn h\u00e0nh<\/li><li>\u0110\u1ea3m b\u1ea3o kh\u1ea3 n\u0103ng m\u1edf r\u1ed9ng linh ho\u1ea1t theo nhu c\u1ea7u s\u1eed d\u1ee5ng trong t\u01b0\u01a1ng lai<\/li><\/ul><h3><span style=\"color: #1b9c85;\"><strong>3. C\u00e1c quy \u0111\u1ecbnh v\u1ec1 c\u1ea5p tho\u00e1t n\u01b0\u1edbc<\/strong><\/span><\/h3><ul><li>QCVN 07-1:2016\/ BXD quy \u0111\u1ecbnh v\u1ec1 nh\u1eefng y\u00eau c\u1ea7u k\u1ef9 thu\u1eadt c\u1ea7n ph\u1ea3i tu\u00e2n th\u1ee7 khi x\u00e2y d\u1ef1ng m\u1edbi, c\u1ea3i t\u1ea1o, n\u00e2ng c\u1ea5p vi\u1ec7c qu\u1ea3n l\u00fd v\u1eadn h\u00e0nh c\u00e1c c\u00f4ng tr\u00ecnh c\u1ea5p n\u01b0\u1edbc.<\/li><li>QCVN 07-1:2016\/ BXD quy \u0111\u1ecbnh v\u1ec1 nh\u1eefng y\u00eau c\u1ea7u k\u1ef9 thu\u1eadt c\u1ea7n ph\u1ea3i tu\u00e2n th\u1ee7 khi x\u00e2y d\u1ef1ng m\u1edbi, c\u1ea3i t\u1ea1o, n\u00e2ng c\u1ea5p vi\u1ec7c qu\u1ea3n l\u00fd v\u1eadn h\u00e0nh c\u00e1c c\u00f4ng tr\u00ecnh tho\u00e1t n\u01b0\u1edbc th\u1ea3i, tho\u00e1t n\u01b0\u1edbc m\u01b0a.<\/li><li>TCVN 4513:1988 v\u1ec1 thi\u1ebft k\u1ebf c\u1ea5p n\u01b0\u1edbc b\u00ean trong<\/li><li>\u00a0TCVN 4474:1987 v\u1ec1 thi\u1ebft k\u1ebf tho\u00e1t n\u01b0\u1edbc b\u00ean trong<\/li><li>TCVN 13606:2023 v\u1ec1 y\u00eau c\u1ea7u thi\u1ebft k\u1ebf c\u1ea5p n\u01b0\u1edbc \u2013 m\u1ea1ng l\u01b0\u1edbi \u0111\u01b0\u1eddng \u1ed1ng v\u00e0 c\u00f4ng tr\u00ecnh<\/li><li>TCVN 7957:2023 v\u1ec1 y\u00eau c\u1ea7u thi\u1ebft k\u1ebf tho\u00e1t n\u01b0\u1edbc \u2013 m\u1ea1ng l\u01b0\u1edbi v\u00e0 c\u00f4ng tr\u00ecnh b\u00ean ngo\u00e0i<\/li><li>TCVN 7222:2002 v\u1ec1 y\u00eau c\u1ea7u m\u00f4i tr\u01b0\u1eddng \u0111\u1ed1i v\u1edbi c\u00e1c tr\u1ea1m x\u1eed l\u00fd n\u01b0\u1edbc th\u1ea3i sinh ho\u1ea1t\u2026<\/li><\/ul><p><em>V\u1edbi 30 n\u0103m kinh nghi\u1ec7m, IMEA l\u00e0 nh\u00e0 th\u1ea7u c\u01a1 \u0111i\u1ec7n, nh\u00e0 th\u1ea7u \u0111i\u1ec7n nh\u1eb9 v\u00e0 c\u00f4ng ngh\u1ec7 th\u00f4ng tin uy t\u00edn, chuy\u00ean t\u01b0 v\u1ea5n thi\u1ebft k\u1ebf v\u00e0 tri\u1ec3n khai thi c\u00f4ng c\u00e1c gi\u1ea3i ph\u00e1p c\u1ea5p tho\u00e1t n\u01b0\u1edbc, l\u1ecdc n\u01b0\u1edbc t\u1ed5ng, s\u01b0\u1edfi \u1ea5m b\u1eb1ng n\u01b0\u1edbc n\u00f3ng, h\u1ec7 th\u1ed1ng b\u00e1o ch\u00e1y t\u1ef1 \u0111\u1ed9ng, ki\u1ec3m so\u00e1t v\u00e0o ra\u2026<\/em><\/p>\t\t\t\t\t\t<\/div>\n\t\t\t\t<\/div>\n\t\t\t\t\t<\/div>\n\t\t\t\t<\/div>\n\t\t\t\t<\/div>","protected":false},"excerpt":{"rendered":"<p>What is a drainage system? Factory regulations The water supply and drainage system includes a complex of many works for transporting, regulating, distributing water&#8230; to ensure the supply of water for daily life and production in factories, hotels, buildings, houses&#8230; Water supply and drainage system Table of Contents 1. What is a drainage system? Water [&hellip;]<\/p>","protected":false},"author":1,"featured_media":0,"parent":3386,"menu_order":0,"comment_status":"closed","ping_status":"closed","template":"","meta":{"_uag_custom_page_level_css":"","site-sidebar-layout":"no-sidebar","site-content-layout":"page-builder","ast-site-content-layout":"full-width-container","site-content-style":"default","site-sidebar-style":"default","ast-global-header-display":"","ast-banner-title-visibility":"","ast-main-header-display":"","ast-hfb-above-header-display":"","ast-hfb-below-header-display":"","ast-hfb-mobile-header-display":"","site-post-title":"disabled","ast-breadcrumbs-content":"","ast-featured-img":"disabled","footer-sml-layout":"","theme-transparent-header-meta":"","adv-header-id-meta":"","stick-header-meta":"","header-above-stick-meta":"","header-main-stick-meta":"","header-below-stick-meta":"","astra-migrate-meta-layouts":"default","ast-page-background-enabled":"default","ast-page-background-meta":{"desktop":{"background-color":"","background-image":"","background-repeat":"repeat","background-position":"center center","background-size":"auto","background-attachment":"scroll","background-type":"","background-media":"","overlay-type":"","overlay-color":"","overlay-opacity":"","overlay-gradient":""},"tablet":{"background-color":"","background-image":"","background-repeat":"repeat","background-position":"center center","background-size":"auto","background-attachment":"scroll","background-type":"","background-media":"","overlay-type":"","overlay-color":"","overlay-opacity":"","overlay-gradient":""},"mobile":{"background-color":"","background-image":"","background-repeat":"repeat","background-position":"center center","background-size":"auto","background-attachment":"scroll","background-type":"","background-media":"","overlay-type":"","overlay-color":"","overlay-opacity":"","overlay-gradient":""}},"ast-content-background-meta":{"desktop":{"background-color":"var(--ast-global-color-5)","background-image":"","background-repeat":"repeat","background-position":"center center","background-size":"auto","background-attachment":"scroll","background-type":"","background-media":"","overlay-type":"","overlay-color":"","overlay-opacity":"","overlay-gradient":""},"tablet":{"background-color":"var(--ast-global-color-5)","background-image":"","background-repeat":"repeat","background-position":"center center","background-size":"auto","background-attachment":"scroll","background-type":"","background-media":"","overlay-type":"","overlay-color":"","overlay-opacity":"","overlay-gradient":""},"mobile":{"background-color":"var(--ast-global-color-5)","background-image":"","background-repeat":"repeat","background-position":"center center","background-size":"auto","background-attachment":"scroll","background-type":"","background-media":"","overlay-type":"","overlay-color":"","overlay-opacity":"","overlay-gradient":""}},"_ti_tpc_template_sync":false,"_ti_tpc_template_id":"","footnotes":""},"class_list":["post-3756","page","type-page","status-publish","hentry"],"uagb_featured_image_src":{"full":false,"thumbnail":false,"medium":false,"medium_large":false,"large":false,"1536x1536":false,"2048x2048":false,"trp-custom-language-flag":false},"uagb_author_info":{"display_name":"admin","author_link":"https:\/\/imea.com.vn\/vi\/author\/admin\/"},"uagb_comment_info":0,"uagb_excerpt":"What is a drainage system? Factory regulations The water supply and drainage system includes a complex of many works for transporting, regulating, distributing water&#8230; to ensure the supply of water for daily life and production in factories, hotels, buildings, houses&#8230; Water supply and drainage system Table of Contents 1. What is a drainage system? Water&hellip;","_links":{"self":[{"href":"https:\/\/imea.com.vn\/vi\/wp-json\/wp\/v2\/pages\/3756","targetHints":{"allow":["GET"]}}],"collection":[{"href":"https:\/\/imea.com.vn\/vi\/wp-json\/wp\/v2\/pages"}],"about":[{"href":"https:\/\/imea.com.vn\/vi\/wp-json\/wp\/v2\/types\/page"}],"author":[{"embeddable":true,"href":"https:\/\/imea.com.vn\/vi\/wp-json\/wp\/v2\/users\/1"}],"replies":[{"embeddable":true,"href":"https:\/\/imea.com.vn\/vi\/wp-json\/wp\/v2\/comments?post=3756"}],"version-history":[{"count":8,"href":"https:\/\/imea.com.vn\/vi\/wp-json\/wp\/v2\/pages\/3756\/revisions"}],"predecessor-version":[{"id":4867,"href":"https:\/\/imea.com.vn\/vi\/wp-json\/wp\/v2\/pages\/3756\/revisions\/4867"}],"up":[{"embeddable":true,"href":"https:\/\/imea.com.vn\/vi\/wp-json\/wp\/v2\/pages\/3386"}],"wp:attachment":[{"href":"https:\/\/imea.com.vn\/vi\/wp-json\/wp\/v2\/media?parent=3756"}],"curies":[{"name":"wp","href":"https:\/\/api.w.org\/{rel}","templated":true}]}}