{"id":3903,"date":"2024-10-27T21:15:24","date_gmt":"2024-10-27T14:15:24","guid":{"rendered":"https:\/\/imea.com.vn\/?page_id=3903"},"modified":"2024-11-06T14:56:39","modified_gmt":"2024-11-06T07:56:39","slug":"general-contracting","status":"publish","type":"page","link":"https:\/\/imea.com.vn\/vi\/general-contracting\/","title":{"rendered":"Nh\u00e0 Th\u1ea7u chung"},"content":{"rendered":"<div data-elementor-type=\"wp-page\" data-elementor-id=\"3903\" class=\"elementor elementor-3903\" data-elementor-post-type=\"page\">\n\t\t\t\t<div class=\"elementor-element elementor-element-b6d4820 e-flex e-con-boxed e-con e-parent\" data-id=\"b6d4820\" data-element_type=\"container\" data-settings=\"{&quot;background_background&quot;:&quot;classic&quot;}\">\n\t\t\t\t\t<div class=\"e-con-inner\">\n\t\t\t\t<div class=\"elementor-element elementor-element-05dd08c e-transform elementor-widget elementor-widget-heading\" data-id=\"05dd08c\" data-element_type=\"widget\" data-settings=\"{&quot;_transform_translateX_effect&quot;:{&quot;unit&quot;:&quot;px&quot;,&quot;size&quot;:-130,&quot;sizes&quot;:[]},&quot;_transform_translateX_effect_tablet&quot;:{&quot;unit&quot;:&quot;px&quot;,&quot;size&quot;:81,&quot;sizes&quot;:[]},&quot;_transform_translateX_effect_mobile&quot;:{&quot;unit&quot;:&quot;px&quot;,&quot;size&quot;:0,&quot;sizes&quot;:[]},&quot;_transform_translateY_effect&quot;:{&quot;unit&quot;:&quot;px&quot;,&quot;size&quot;:283,&quot;sizes&quot;:[]},&quot;_transform_translateY_effect_mobile&quot;:{&quot;unit&quot;:&quot;px&quot;,&quot;size&quot;:135,&quot;sizes&quot;:[]},&quot;_transform_translateY_effect_tablet&quot;:{&quot;unit&quot;:&quot;px&quot;,&quot;size&quot;:&quot;&quot;,&quot;sizes&quot;:[]}}\" data-widget_type=\"heading.default\">\n\t\t\t\t<div class=\"elementor-widget-container\">\n\t\t\t<h2 class=\"elementor-heading-title elementor-size-default\">Nh\u00e0 Th\u1ea7u chung<\/h2>\t\t<\/div>\n\t\t\t\t<\/div>\n\t\t\t\t\t<\/div>\n\t\t\t\t<\/div>\n\t\t<div class=\"elementor-element elementor-element-14814cb e-con-full e-flex e-con e-parent\" data-id=\"14814cb\" data-element_type=\"container\">\n\t\t\t\t<div class=\"elementor-element elementor-element-9999e05 elementor-widget elementor-widget-heading\" data-id=\"9999e05\" data-element_type=\"widget\" data-widget_type=\"heading.default\">\n\t\t\t\t<div class=\"elementor-widget-container\">\n\t\t\t<h2 class=\"elementor-heading-title elementor-size-default\">Ch\u00fang t\u00f4i cung c\u1ea5p d\u1ecbch v\u1ee5 EPCM cho c\u00e1c d\u1ef1 \u00e1n c\u00e1nh \u0111\u1ed3ng xanh v\u00e0 c\u00e1nh \u0111\u1ed3ng n\u00e2u trong nhi\u1ec1u ng\u00e0nh c\u00f4ng nghi\u1ec7p.<\/h2>\t\t<\/div>\n\t\t\t\t<\/div>\n\t\t<div class=\"elementor-element elementor-element-e92a083 e-flex e-con-boxed e-con e-child\" data-id=\"e92a083\" data-element_type=\"container\">\n\t\t\t\t\t<div class=\"e-con-inner\">\n\t\t\t\t<div class=\"elementor-element elementor-element-04fe6d2 elementor-widget elementor-widget-heading\" data-id=\"04fe6d2\" data-element_type=\"widget\" data-widget_type=\"heading.default\">\n\t\t\t\t<div class=\"elementor-widget-container\">\n\t\t\t<h1 class=\"elementor-heading-title elementor-size-default\">Ph\u01b0\u01a1ng ph\u00e1p ti\u1ebfp c\u1eadn c\u1ee7a Imea l\u00e0 h\u1ee3p l\u00fd h\u00f3a v\u00e0 cung c\u1ea5p c\u00e1c gi\u1ea3i ph\u00e1p t\u1ed1i \u01b0u v\u1ec1 m\u1eb7t hi\u1ec7u qu\u1ea3 ho\u1ea1t \u0111\u1ed9ng v\u00e0 hi\u1ec7u qu\u1ea3 v\u1ec1 m\u1eb7t chi ph\u00ed \u0111\u1ec3 ph\u00f9 h\u1ee3p v\u1edbi c\u00e1c y\u00eau c\u1ea7u c\u1ee5 th\u1ec3 c\u1ee7a kh\u00e1ch h\u00e0ng. Ng\u00e0nh kinh doanh n\u00e0y \u0111\u01b0\u1ee3c t\u1ed5 ch\u1ee9c xung quanh hai \u0111\u01a1n v\u1ecb ch\u00ednh: Ph\u01b0\u01a1ng ph\u00e1p ti\u1ebfp c\u1eadn c\u1ee7a Imea l\u00e0 h\u1ee3p l\u00fd h\u00f3a v\u00e0 cung c\u1ea5p c\u00e1c gi\u1ea3i ph\u00e1p t\u1ed1i \u01b0u v\u1ec1 m\u1eb7t hi\u1ec7u qu\u1ea3 ho\u1ea1t \u0111\u1ed9ng v\u00e0 hi\u1ec7u qu\u1ea3 v\u1ec1 m\u1eb7t chi ph\u00ed \u0111\u1ec3 ph\u00f9 h\u1ee3p v\u1edbi c\u00e1c y\u00eau c\u1ea7u c\u1ee5 th\u1ec3 c\u1ee7a kh\u00e1ch h\u00e0ng. Ng\u00e0nh kinh doanh n\u00e0y \u0111\u01b0\u1ee3c t\u1ed5 ch\u1ee9c xung quanh hai \u0111\u01a1n v\u1ecb ch\u00ednh:<\/h1>\t\t<\/div>\n\t\t\t\t<\/div>\n\t\t\t\t\t<\/div>\n\t\t\t\t<\/div>\n\t\t<div class=\"elementor-element elementor-element-b0158f3 e-grid e-con-full e-con e-child\" data-id=\"b0158f3\" data-element_type=\"container\">\n\t\t<div class=\"elementor-element elementor-element-4ec6f21 e-con-full e-flex e-con e-child\" data-id=\"4ec6f21\" data-element_type=\"container\">\n\t\t\t\t<div class=\"elementor-element elementor-element-25b31b3 elementor-widget elementor-widget-image\" data-id=\"25b31b3\" data-element_type=\"widget\" data-widget_type=\"image.default\">\n\t\t\t\t<div class=\"elementor-widget-container\">\n\t\t\t\t\t\t\t\t\t\t\t\t\t<img fetchpriority=\"high\" decoding=\"async\" width=\"1280\" height=\"853\" src=\"https:\/\/imea.com.vn\/wp-content\/uploads\/2024\/11\/32.jpg\" class=\"attachment-2048x2048 size-2048x2048 wp-image-4537\" alt=\"\" srcset=\"https:\/\/imea.com.vn\/wp-content\/uploads\/2024\/11\/32.jpg 1280w, https:\/\/imea.com.vn\/wp-content\/uploads\/2024\/11\/32-300x200.jpg 300w, https:\/\/imea.com.vn\/wp-content\/uploads\/2024\/11\/32-1024x682.jpg 1024w, https:\/\/imea.com.vn\/wp-content\/uploads\/2024\/11\/32-768x512.jpg 768w\" sizes=\"(max-width: 1280px) 100vw, 1280px\" \/>\t\t\t\t\t\t\t\t\t\t\t\t\t<\/div>\n\t\t\t\t<\/div>\n\t\t\t\t<div class=\"elementor-element elementor-element-2ea6b28 elementor-widget elementor-widget-heading\" data-id=\"2ea6b28\" data-element_type=\"widget\" data-widget_type=\"heading.default\">\n\t\t\t\t<div class=\"elementor-widget-container\">\n\t\t\t<h4 class=\"elementor-heading-title elementor-size-default\"><a href=\"https:\/\/imea.com.vn\/vi\/general-contracting\/\"><span style=\"font-size: 21.6px\">Nh\u00e0 Th\u1ea7u chung<\/span><br><span style=\"font-size: 21.6px\">( GC)                 <\/span><\/a><\/h4>\t\t<\/div>\n\t\t\t\t<\/div>\n\t\t\t\t<div class=\"elementor-element elementor-element-edf613c elementor-widget elementor-widget-heading\" data-id=\"edf613c\" data-element_type=\"widget\" data-widget_type=\"heading.default\">\n\t\t\t\t<div class=\"elementor-widget-container\">\n\t\t\t<span class=\"elementor-heading-title elementor-size-default\"><span style=\"font-family: Montserrat;font-size: 16px\">C\u00e1c \u0111\u1ed9i ng\u0169 T\u1ed5ng th\u1ea7u (GC) bao g\u1ed3m nh\u1eefng nh\u00e2n vi\u00ean x\u00e2y d\u1ef1ng gi\u00e0u kinh nghi\u1ec7m v\u00e0 ki\u1ebfn th\u1ee9c chuy\u00ean s\u00e2u, c\u00f3 kh\u1ea3 n\u0103ng \u00e1p d\u1ee5ng quy tr\u00ecnh ph\u00f9 h\u1ee3p \u0111\u1ec3 gi\u1ea3i quy\u1ebft c\u00e1c th\u00e1ch th\u1ee9c li\u00ean quan \u0111\u1ebfn c\u00e1c d\u1ef1 \u00e1n l\u1edbn v\u00e0 ph\u1ee9c t\u1ea1p.<\/span><br><span style=\"font-family: Montserrat;font-size: 16px\">Do vi\u1ec7c tri\u1ec3n khai qu\u1ea3n l\u00fd h\u1ee3p \u0111\u1ed3ng v\u00e0 y\u00eau c\u1ea7u ph\u1ee9c t\u1ea1p, gi\u00e1m s\u00e1t gi\u1ea5y ph\u00e9p, qu\u1ea3n l\u00fd ti\u1ebfn \u0111\u1ed9 v\u00e0 chu\u1ed7i cung \u1ee9ng, Tialoc c\u00f3 th\u1ec3 \u0111\u1ea1t \u0111\u01b0\u1ee3c k\u1ebft qu\u1ea3 t\u1ed1t h\u01a1n v\u1ec1 hi\u1ec7u qu\u1ea3 v\u00e0 chi ph\u00ed, mang l\u1ea1i l\u1ee3i \u00edch cho kh\u00e1ch h\u00e0ng.<\/span><\/span>\t\t<\/div>\n\t\t\t\t<\/div>\n\t\t\t\t<\/div>\n\t\t<div class=\"elementor-element elementor-element-5c823c1 e-con-full e-flex e-con e-child\" data-id=\"5c823c1\" data-element_type=\"container\">\n\t\t\t\t<div class=\"elementor-element elementor-element-ef1d025 elementor-widget elementor-widget-image\" data-id=\"ef1d025\" data-element_type=\"widget\" data-widget_type=\"image.default\">\n\t\t\t\t<div class=\"elementor-widget-container\">\n\t\t\t\t\t\t\t\t\t\t\t\t\t<img decoding=\"async\" width=\"1521\" height=\"1015\" src=\"https:\/\/imea.com.vn\/wp-content\/uploads\/2024\/11\/34.jpg\" class=\"attachment-full size-full wp-image-4539\" alt=\"\" srcset=\"https:\/\/imea.com.vn\/wp-content\/uploads\/2024\/11\/34.jpg 1521w, https:\/\/imea.com.vn\/wp-content\/uploads\/2024\/11\/34-300x200.jpg 300w, https:\/\/imea.com.vn\/wp-content\/uploads\/2024\/11\/34-1024x683.jpg 1024w, https:\/\/imea.com.vn\/wp-content\/uploads\/2024\/11\/34-768x513.jpg 768w\" sizes=\"(max-width: 1521px) 100vw, 1521px\" \/>\t\t\t\t\t\t\t\t\t\t\t\t\t<\/div>\n\t\t\t\t<\/div>\n\t\t\t\t<div class=\"elementor-element elementor-element-1fff075 elementor-widget elementor-widget-heading\" data-id=\"1fff075\" data-element_type=\"widget\" data-widget_type=\"heading.default\">\n\t\t\t\t<div class=\"elementor-widget-container\">\n\t\t\t<h4 class=\"elementor-heading-title elementor-size-default\"><a href=\"https:\/\/imea.com.vn\/vi\/general-contracting\/\"><span style=\"font-size: 21.6px\">Nh\u00e0 th\u1ea7u d\u1ef1 \u00e1n nh\u1ecf<\/span><\/a><\/h4>\t\t<\/div>\n\t\t\t\t<\/div>\n\t\t\t\t<div class=\"elementor-element elementor-element-dda3da5 elementor-widget elementor-widget-heading\" data-id=\"dda3da5\" data-element_type=\"widget\" data-widget_type=\"heading.default\">\n\t\t\t\t<div class=\"elementor-widget-container\">\n\t\t\t<span class=\"elementor-heading-title elementor-size-default\"><span style=\"font-family: Montserrat;font-size: 16px\">C\u00e1c \u0111\u1ed9i ng\u0169 SPGC chuy\u00ean tr\u00e1ch c\u00e1c d\u1ef1 \u00e1n nh\u1ecf v\u00e0 d\u1ecbch v\u1ee5 h\u1eadu m\u00e3i. C\u00e1c Qu\u1ea3n l\u00fd T\u00e0i kho\u1ea3n Ch\u00ednh ch\u1ecbu tr\u00e1ch nhi\u1ec7m \u0111\u00e1p \u1ee9ng nhu c\u1ea7u c\u1ee5 th\u1ec3 c\u1ee7a kh\u00e1ch h\u00e0ng t\u1eeb khi tri\u1ec3n khai d\u1ef1 \u00e1n cho \u0111\u1ebfn d\u1ecbch v\u1ee5 sau b\u00e1n h\u00e0ng.<\/span><br><span style=\"font-family: Montserrat;font-size: 16px\">SPGC duy tr\u00ec m\u1ed9t kho d\u1ef1 tr\u1eef l\u1edbn c\u00e1c ph\u1ee5 t\u00f9ng v\u00e0 thi\u1ebft b\u1ecb quan tr\u1ecdng \u0111\u1ec3 \u0111\u1ea3m b\u1ea3o th\u1eddi gian ph\u1ea3n h\u1ed3i nhanh ch\u00f3ng, ch\u1ea5t l\u01b0\u1ee3ng cao v\u00e0 gi\u1ea3m thi\u1ec3u gi\u00e1n \u0111o\u1ea1n s\u1ea3n xu\u1ea5t t\u1ea1i c\u00e1c nh\u00e0 m\u00e1y c\u1ee7a kh\u00e1ch h\u00e0ng. \u0110i\u1ec1u n\u00e0y gi\u00fap \u0111\u1ea3m b\u1ea3o ho\u1ea1t \u0111\u1ed9ng su\u00f4n s\u1ebb v\u00e0 cung c\u1ea5p d\u1ecbch v\u1ee5 k\u1ecbp th\u1eddi khi c\u00f3 nhu c\u1ea7u kh\u1ea9n c\u1ea5p.<\/span><\/span>\t\t<\/div>\n\t\t\t\t<\/div>\n\t\t\t\t<\/div>\n\t\t\t\t<\/div>\n\t\t\t\t<\/div>\n\t\t<div class=\"elementor-element elementor-element-e6754a1 e-flex e-con-boxed e-con e-parent\" data-id=\"e6754a1\" data-element_type=\"container\" data-settings=\"{&quot;background_background&quot;:&quot;classic&quot;}\">\n\t\t\t\t\t<div class=\"e-con-inner\">\n\t\t<div class=\"elementor-element elementor-element-975b4ee e-con-full e-flex e-con e-child\" data-id=\"975b4ee\" data-element_type=\"container\" data-settings=\"{&quot;background_background&quot;:&quot;classic&quot;}\">\n\t\t<div class=\"elementor-element elementor-element-6f7cc5f e-con-full e-transform e-flex e-con e-child\" data-id=\"6f7cc5f\" data-element_type=\"container\" data-settings=\"{&quot;_transform_translateX_effect&quot;:{&quot;unit&quot;:&quot;px&quot;,&quot;size&quot;:108,&quot;sizes&quot;:[]},&quot;_transform_translateY_effect&quot;:{&quot;unit&quot;:&quot;px&quot;,&quot;size&quot;:-27,&quot;sizes&quot;:[]},&quot;_transform_translateX_effect_tablet&quot;:{&quot;unit&quot;:&quot;px&quot;,&quot;size&quot;:&quot;&quot;,&quot;sizes&quot;:[]},&quot;_transform_translateX_effect_mobile&quot;:{&quot;unit&quot;:&quot;px&quot;,&quot;size&quot;:&quot;&quot;,&quot;sizes&quot;:[]},&quot;_transform_translateY_effect_tablet&quot;:{&quot;unit&quot;:&quot;px&quot;,&quot;size&quot;:&quot;&quot;,&quot;sizes&quot;:[]},&quot;_transform_translateY_effect_mobile&quot;:{&quot;unit&quot;:&quot;px&quot;,&quot;size&quot;:&quot;&quot;,&quot;sizes&quot;:[]}}\">\n\t\t\t\t<div class=\"elementor-element elementor-element-c69a1e7 e-transform elementor-widget elementor-widget-heading\" data-id=\"c69a1e7\" data-element_type=\"widget\" data-settings=\"{&quot;_transform_translateX_effect_mobile&quot;:{&quot;unit&quot;:&quot;px&quot;,&quot;size&quot;:-108,&quot;sizes&quot;:[]},&quot;_transform_translateX_effect&quot;:{&quot;unit&quot;:&quot;px&quot;,&quot;size&quot;:&quot;&quot;,&quot;sizes&quot;:[]},&quot;_transform_translateX_effect_tablet&quot;:{&quot;unit&quot;:&quot;px&quot;,&quot;size&quot;:&quot;&quot;,&quot;sizes&quot;:[]},&quot;_transform_translateY_effect&quot;:{&quot;unit&quot;:&quot;px&quot;,&quot;size&quot;:&quot;&quot;,&quot;sizes&quot;:[]},&quot;_transform_translateY_effect_tablet&quot;:{&quot;unit&quot;:&quot;px&quot;,&quot;size&quot;:&quot;&quot;,&quot;sizes&quot;:[]},&quot;_transform_translateY_effect_mobile&quot;:{&quot;unit&quot;:&quot;px&quot;,&quot;size&quot;:&quot;&quot;,&quot;sizes&quot;:[]}}\" data-widget_type=\"heading.default\">\n\t\t\t\t<div class=\"elementor-widget-container\">\n\t\t\t<h2 class=\"elementor-heading-title elementor-size-default\">H\u00e3y k\u1ebft n\u1ed1i v\u1edbi chuy\u00ean gia c\u1ee7a ch\u00fang t\u00f4i ngay h\u00f4m nay v\u00e0 kh\u00e1m ph\u00e1 c\u00e1ch IMEA c\u00f3 th\u1ec3 h\u1ed7 tr\u1ee3 b\u1ea1n<\/h2>\t\t<\/div>\n\t\t\t\t<\/div>\n\t\t\t\t<\/div>\n\t\t<div class=\"elementor-element elementor-element-2d63610 e-con-full e-transform e-flex e-con e-child\" data-id=\"2d63610\" data-element_type=\"container\" data-settings=\"{&quot;_transform_translateX_effect_mobile&quot;:{&quot;unit&quot;:&quot;px&quot;,&quot;size&quot;:-20,&quot;sizes&quot;:[]},&quot;_transform_translateY_effect_mobile&quot;:{&quot;unit&quot;:&quot;px&quot;,&quot;size&quot;:0,&quot;sizes&quot;:[]},&quot;_transform_translateX_effect&quot;:{&quot;unit&quot;:&quot;px&quot;,&quot;size&quot;:&quot;&quot;,&quot;sizes&quot;:[]},&quot;_transform_translateX_effect_tablet&quot;:{&quot;unit&quot;:&quot;px&quot;,&quot;size&quot;:&quot;&quot;,&quot;sizes&quot;:[]},&quot;_transform_translateY_effect&quot;:{&quot;unit&quot;:&quot;px&quot;,&quot;size&quot;:&quot;&quot;,&quot;sizes&quot;:[]},&quot;_transform_translateY_effect_tablet&quot;:{&quot;unit&quot;:&quot;px&quot;,&quot;size&quot;:&quot;&quot;,&quot;sizes&quot;:[]}}\">\n\t\t\t\t<div class=\"elementor-element elementor-element-5ce2816 e-transform elementor-align-center elementor-widget elementor-widget-button\" data-id=\"5ce2816\" data-element_type=\"widget\" data-settings=\"{&quot;_transform_translateX_effect&quot;:{&quot;unit&quot;:&quot;px&quot;,&quot;size&quot;:48,&quot;sizes&quot;:[]},&quot;_transform_translateX_effect_tablet&quot;:{&quot;unit&quot;:&quot;px&quot;,&quot;size&quot;:20,&quot;sizes&quot;:[]},&quot;_transform_translateX_effect_mobile&quot;:{&quot;unit&quot;:&quot;px&quot;,&quot;size&quot;:20,&quot;sizes&quot;:[]},&quot;_transform_translateY_effect&quot;:{&quot;unit&quot;:&quot;px&quot;,&quot;size&quot;:0,&quot;sizes&quot;:[]},&quot;_transform_translateY_effect_tablet&quot;:{&quot;unit&quot;:&quot;px&quot;,&quot;size&quot;:-19,&quot;sizes&quot;:[]},&quot;_transform_translateY_effect_mobile&quot;:{&quot;unit&quot;:&quot;px&quot;,&quot;size&quot;:-20,&quot;sizes&quot;:[]}}\" data-widget_type=\"button.default\">\n\t\t\t\t<div class=\"elementor-widget-container\">\n\t\t\t\t\t<div class=\"elementor-button-wrapper\">\n\t\t\t<a class=\"elementor-button elementor-button-link elementor-size-sm\" href=\"https:\/\/imea.com.vn\/vi\/services\/\">\n\t\t\t\t\t\t<span class=\"elementor-button-content-wrapper\">\n\t\t\t\t\t\t\t\t\t<span class=\"elementor-button-text\">Xem D\u1ecbch v\u1ee5 c\u1ee7a IMEA<\/span>\n\t\t\t\t\t<\/span>\n\t\t\t\t\t<\/a>\n\t\t<\/div>\n\t\t\t\t<\/div>\n\t\t\t\t<\/div>\n\t\t\t\t<\/div>\n\t\t\t\t<\/div>\n\t\t\t\t\t<\/div>\n\t\t\t\t<\/div>\n\t\t\t\t<\/div>","protected":false},"excerpt":{"rendered":"<p>General Contracting We offer EPCM services for greenfield and brownfield projects over a wide range of industries. Imea&#8217;s approach is to streamline and provide optimised solutions in terms of operational efficiency and cost effectiveness to suit the specific requirements of its customers. This business line is organised around two major units: General Contracting( GC) The [&hellip;]<\/p>","protected":false},"author":1,"featured_media":0,"parent":0,"menu_order":0,"comment_status":"closed","ping_status":"closed","template":"","meta":{"_uag_custom_page_level_css":"","site-sidebar-layout":"no-sidebar","site-content-layout":"page-builder","ast-site-content-layout":"full-width-container","site-content-style":"unboxed","site-sidebar-style":"unboxed","ast-global-header-display":"","ast-banner-title-visibility":"","ast-main-header-display":"","ast-hfb-above-header-display":"","ast-hfb-below-header-display":"","ast-hfb-mobile-header-display":"","site-post-title":"disabled","ast-breadcrumbs-content":"","ast-featured-img":"disabled","footer-sml-layout":"","theme-transparent-header-meta":"","adv-header-id-meta":"","stick-header-meta":"","header-above-stick-meta":"","header-main-stick-meta":"","header-below-stick-meta":"","astra-migrate-meta-layouts":"set","ast-page-background-enabled":"default","ast-page-background-meta":{"desktop":{"background-color":"","background-image":"","background-repeat":"repeat","background-position":"center center","background-size":"auto","background-attachment":"scroll","background-type":"","background-media":"","overlay-type":"","overlay-color":"","overlay-opacity":"","overlay-gradient":""},"tablet":{"background-color":"","background-image":"","background-repeat":"repeat","background-position":"center center","background-size":"auto","background-attachment":"scroll","background-type":"","background-media":"","overlay-type":"","overlay-color":"","overlay-opacity":"","overlay-gradient":""},"mobile":{"background-color":"","background-image":"","background-repeat":"repeat","background-position":"center center","background-size":"auto","background-attachment":"scroll","background-type":"","background-media":"","overlay-type":"","overlay-color":"","overlay-opacity":"","overlay-gradient":""}},"ast-content-background-meta":{"desktop":{"background-color":"var(--ast-global-color-5)","background-image":"","background-repeat":"repeat","background-position":"center center","background-size":"auto","background-attachment":"scroll","background-type":"","background-media":"","overlay-type":"","overlay-color":"","overlay-opacity":"","overlay-gradient":""},"tablet":{"background-color":"var(--ast-global-color-5)","background-image":"","background-repeat":"repeat","background-position":"center center","background-size":"auto","background-attachment":"scroll","background-type":"","background-media":"","overlay-type":"","overlay-color":"","overlay-opacity":"","overlay-gradient":""},"mobile":{"background-color":"var(--ast-global-color-5)","background-image":"","background-repeat":"repeat","background-position":"center center","background-size":"auto","background-attachment":"scroll","background-type":"","background-media":"","overlay-type":"","overlay-color":"","overlay-opacity":"","overlay-gradient":""}},"_ti_tpc_template_sync":false,"_ti_tpc_template_id":"","footnotes":""},"class_list":["post-3903","page","type-page","status-publish","hentry"],"uagb_featured_image_src":{"full":false,"thumbnail":false,"medium":false,"medium_large":false,"large":false,"1536x1536":false,"2048x2048":false,"trp-custom-language-flag":false},"uagb_author_info":{"display_name":"admin","author_link":"https:\/\/imea.com.vn\/vi\/author\/admin\/"},"uagb_comment_info":0,"uagb_excerpt":"General Contracting We offer EPCM services for greenfield and brownfield projects over a wide range of industries. Imea&#8217;s approach is to streamline and provide optimised solutions in terms of operational efficiency and cost effectiveness to suit the specific requirements of its customers. This business line is organised around two major units: General Contracting( GC) The&hellip;","_links":{"self":[{"href":"https:\/\/imea.com.vn\/vi\/wp-json\/wp\/v2\/pages\/3903","targetHints":{"allow":["GET"]}}],"collection":[{"href":"https:\/\/imea.com.vn\/vi\/wp-json\/wp\/v2\/pages"}],"about":[{"href":"https:\/\/imea.com.vn\/vi\/wp-json\/wp\/v2\/types\/page"}],"author":[{"embeddable":true,"href":"https:\/\/imea.com.vn\/vi\/wp-json\/wp\/v2\/users\/1"}],"replies":[{"embeddable":true,"href":"https:\/\/imea.com.vn\/vi\/wp-json\/wp\/v2\/comments?post=3903"}],"version-history":[{"count":19,"href":"https:\/\/imea.com.vn\/vi\/wp-json\/wp\/v2\/pages\/3903\/revisions"}],"predecessor-version":[{"id":4554,"href":"https:\/\/imea.com.vn\/vi\/wp-json\/wp\/v2\/pages\/3903\/revisions\/4554"}],"wp:attachment":[{"href":"https:\/\/imea.com.vn\/vi\/wp-json\/wp\/v2\/media?parent=3903"}],"curies":[{"name":"wp","href":"https:\/\/api.w.org\/{rel}","templated":true}]}}